{"id":1019,"date":"2023-11-30T10:08:39","date_gmt":"2023-11-30T09:08:39","guid":{"rendered":"https:\/\/nora.nl\/?page_id=1019"},"modified":"2024-12-13T13:21:10","modified_gmt":"2024-12-13T12:21:10","slug":"compliance","status":"publish","type":"page","link":"https:\/\/nora.nl\/de\/compliance\/","title":{"rendered":"Compliance"},"content":{"rendered":"<div data-elementor-type=\"wp-page\" data-elementor-id=\"1019\" class=\"elementor elementor-1019\" data-elementor-post-type=\"page\">\n\t\t\t\t<div class=\"elementor-element elementor-element-b5a03c8 e-flex e-con-boxed e-con e-parent\" data-id=\"b5a03c8\" data-element_type=\"container\" data-e-type=\"container\" data-settings=\"{&quot;background_background&quot;:&quot;classic&quot;,&quot;jet_parallax_layout_list&quot;:[]}\">\n\t\t\t\t\t<div class=\"e-con-inner\">\n\t\t\t\t<div class=\"elementor-element elementor-element-247d01d elementor-widget elementor-widget-heading\" data-id=\"247d01d\" data-element_type=\"widget\" data-e-type=\"widget\" data-widget_type=\"heading.default\">\n\t\t\t\t<div class=\"elementor-widget-container\">\n\t\t\t\t\t<h2 class=\"elementor-heading-title elementor-size-default\">Compliance<\/h2>\t\t\t\t<\/div>\n\t\t\t\t<\/div>\n\t\t\t\t\t<\/div>\n\t\t\t\t<\/div>\n\t\t<div class=\"elementor-element elementor-element-97f7127 e-flex e-con-boxed e-con e-parent\" data-id=\"97f7127\" data-element_type=\"container\" data-e-type=\"container\" data-settings=\"{&quot;background_background&quot;:&quot;classic&quot;,&quot;jet_parallax_layout_list&quot;:[]}\">\n\t\t\t\t\t<div class=\"e-con-inner\">\n\t\t\t\t<div class=\"elementor-element elementor-element-774f1de elementor-widget elementor-widget-heading\" data-id=\"774f1de\" data-element_type=\"widget\" data-e-type=\"widget\" data-widget_type=\"heading.default\">\n\t\t\t\t<div class=\"elementor-widget-container\">\n\t\t\t\t\t<h3 class=\"elementor-heading-title elementor-size-default\">COMPLIANCE<\/h3>\t\t\t\t<\/div>\n\t\t\t\t<\/div>\n\t\t\t\t<div class=\"elementor-element elementor-element-88d17ea elementor-widget elementor-widget-text-editor\" data-id=\"88d17ea\" data-element_type=\"widget\" data-e-type=\"widget\" data-widget_type=\"text-editor.default\">\n\t\t\t\t<div class=\"elementor-widget-container\">\n\t\t\t\t\t\t\t\t\t<p><em>Unser Handeln wird von Integrit\u00e4t geleitet. Dies erstreckt sich auf den Umgang mit unseren Kunden und Lieferanten, Mitarbeitern, Gesellschaftern sowie der \u00d6ffentlichkeit.<\/em><\/p><p><em>Sowohl unseren strategischen \u00dcberlegungen als auch unserem Tagesgesch\u00e4ft legen wir stets hohe ethische und rechtliche Standards zugrunde. Ehrlichkeit, Aufrichtigkeit und Fairness sind Ma\u00dfstab f\u00fcr den Umgang miteinander und gegen\u00fcber unseren Partnern und der \u00d6ffentlichkeit. Weil nachhaltiges Wachstum Ziel unserer Arbeit ist, sind wir bei Banketbakkerij Nora BV nicht nur an Ergebnissen interessiert, sondern auch daran, wie diese Ergebnisse erzielt werden. Wir dulden weder ungesetzliche oder unfaire Mittel zur Erreichung unserer Ziele noch diskriminierendes Verhalten.<\/em><\/p><p><em>Unsere Compliance-Richtlinie enth\u00e4lt verbindliche Regeln, die f\u00fcr uns alle gleicherma\u00dfen gelten. Sie verpflichtet uns entsprechend zu handeln und alles zu unterlassen, was im Widerspruch zu diesen Regeln steht.<\/em><\/p>\t\t\t\t\t\t\t\t<\/div>\n\t\t\t\t<\/div>\n\t\t\t\t<div class=\"elementor-element elementor-element-925228f elementor-widget elementor-widget-heading\" data-id=\"925228f\" data-element_type=\"widget\" data-e-type=\"widget\" data-widget_type=\"heading.default\">\n\t\t\t\t<div class=\"elementor-widget-container\">\n\t\t\t\t\t<h3 class=\"elementor-heading-title elementor-size-default\">MELDEVERFAHREN<\/h3>\t\t\t\t<\/div>\n\t\t\t\t<\/div>\n\t\t\t\t<div class=\"elementor-element elementor-element-ce3e30d elementor-widget elementor-widget-text-editor\" data-id=\"ce3e30d\" data-element_type=\"widget\" data-e-type=\"widget\" data-widget_type=\"text-editor.default\">\n\t\t\t\t<div class=\"elementor-widget-container\">\n\t\t\t\t\t\t\t\t\t<p><i>Banketbakkerij Nora verwendet das Meldeverfahren, das in dem untenstehenden Dokument zu finden ist.<\/i><\/p><p><i>Ihre Hinweise, zum Beispiel zu menschenrechtlichen und umweltbezogenen Risiken, Pflichtverletzungen oder unsere Verhaltenskodex, werden von allen Ansprechpartnern streng vertraulich behandelt. Sollten Sie trotzdem Bedenken haben, Ihren Namen zu nennen, halten wir f\u00fcr Hinweise auf m\u00f6gliche Compliance-Verst\u00f6\u00dfe im Internet einen gesicherten Meldeweg vor. Dort k\u00f6nnen rund um die Uhr Hinweise anonym und nicht r\u00fcckverfolgbar abgegeben werden. Sie haben die M\u00f6glichkeit, \u00fcber die Kommunikationsplattform mit den \u201aFunktionaris Bericht\u2018 in Kontakt zu treten und Dokumente auszutauschen. Die Meldestelle vom Compliance Officer ist mehrsprachig und bietet auch die M\u00f6glichkeit einer Sprachnachricht.<\/i><\/p>\t\t\t\t\t\t\t\t<\/div>\n\t\t\t\t<\/div>\n\t\t\t\t<div class=\"elementor-element elementor-element-be5e42d elementor-widget elementor-widget-button\" data-id=\"be5e42d\" data-element_type=\"widget\" data-e-type=\"widget\" data-widget_type=\"button.default\">\n\t\t\t\t<div class=\"elementor-widget-container\">\n\t\t\t\t\t\t\t\t\t<div class=\"elementor-button-wrapper\">\n\t\t\t\t\t<a class=\"elementor-button elementor-button-link elementor-size-sm\" href=\"https:\/\/prod.osapiens.cloud\/portal\/portal\/webbundle\/supplier-os-hub\/supplier-os-hub\/public-access-app\/complaint.html#\/public\/hub\/griesson\/Nora\/complaint\/new\" target=\"_blank\" rel=\"noopener\">\n\t\t\t\t\t\t<span class=\"elementor-button-content-wrapper\">\n\t\t\t\t\t\t\t\t\t<span class=\"elementor-button-text\">Meldung an funktionaris bericht<\/span>\n\t\t\t\t\t<\/span>\n\t\t\t\t\t<\/a>\n\t\t\t\t<\/div>\n\t\t\t\t\t\t\t\t<\/div>\n\t\t\t\t<\/div>\n\t\t\t\t<div class=\"elementor-element elementor-element-94051a2 elementor-widget elementor-widget-heading\" data-id=\"94051a2\" data-element_type=\"widget\" data-e-type=\"widget\" data-widget_type=\"heading.default\">\n\t\t\t\t<div class=\"elementor-widget-container\">\n\t\t\t\t\t<h3 class=\"elementor-heading-title elementor-size-default\">COMPLIANCE DOCUMENTS<\/h3>\t\t\t\t<\/div>\n\t\t\t\t<\/div>\n\t\t\t\t<div class=\"elementor-element elementor-element-a64bfd4 elementor-widget-divider--view-line elementor-widget elementor-widget-divider\" data-id=\"a64bfd4\" data-element_type=\"widget\" data-e-type=\"widget\" data-widget_type=\"divider.default\">\n\t\t\t\t<div class=\"elementor-widget-container\">\n\t\t\t\t\t\t\t<div class=\"elementor-divider\">\n\t\t\t<span class=\"elementor-divider-separator\">\n\t\t\t\t\t\t<\/span>\n\t\t<\/div>\n\t\t\t\t\t\t<\/div>\n\t\t\t\t<\/div>\n\t\t<div class=\"elementor-element elementor-element-cd6d1d7 e-grid e-con-full e-con e-child\" data-id=\"cd6d1d7\" data-element_type=\"container\" data-e-type=\"container\" data-settings=\"{&quot;jet_parallax_layout_list&quot;:[]}\">\n\t\t\t\t<div class=\"elementor-element elementor-element-47189a4 elementor-position-top elementor-widget elementor-widget-image-box\" data-id=\"47189a4\" data-element_type=\"widget\" data-e-type=\"widget\" data-widget_type=\"image-box.default\">\n\t\t\t\t<div class=\"elementor-widget-container\">\n\t\t\t\t\t<div class=\"elementor-image-box-wrapper\"><figure class=\"elementor-image-box-img\"><a href=\"https:\/\/nora.nl\/wp-content\/uploads\/2024\/04\/Definitieve-Compliance-Guidelines-Banketbakkerij-Nora-2024-EN-Template-20240109.pdf\" target=\"_blank\" tabindex=\"-1\"><img fetchpriority=\"high\" decoding=\"async\" width=\"1301\" height=\"1064\" src=\"https:\/\/nora.nl\/wp-content\/uploads\/2022\/08\/Nora_Logo_Voorstel.png\" class=\"attachment-full size-full wp-image-107\" alt=\"\" srcset=\"https:\/\/nora.nl\/wp-content\/uploads\/2022\/08\/Nora_Logo_Voorstel.png 1301w, https:\/\/nora.nl\/wp-content\/uploads\/2022\/08\/Nora_Logo_Voorstel-300x245.png 300w, https:\/\/nora.nl\/wp-content\/uploads\/2022\/08\/Nora_Logo_Voorstel-1024x837.png 1024w, https:\/\/nora.nl\/wp-content\/uploads\/2022\/08\/Nora_Logo_Voorstel-768x628.png 768w\" sizes=\"(max-width: 1301px) 100vw, 1301px\" \/><\/a><\/figure><div class=\"elementor-image-box-content\"><h3 class=\"elementor-image-box-title\"><a href=\"https:\/\/nora.nl\/wp-content\/uploads\/2024\/04\/Definitieve-Compliance-Guidelines-Banketbakkerij-Nora-2024-EN-Template-20240109.pdf\" target=\"_blank\">Compliance Guidelines<\/a><\/h3><\/div><\/div>\t\t\t\t<\/div>\n\t\t\t\t<\/div>\n\t\t\t\t<div class=\"elementor-element elementor-element-fed778a elementor-position-top elementor-widget elementor-widget-image-box\" data-id=\"fed778a\" data-element_type=\"widget\" data-e-type=\"widget\" data-widget_type=\"image-box.default\">\n\t\t\t\t<div class=\"elementor-widget-container\">\n\t\t\t\t\t<div class=\"elementor-image-box-wrapper\"><figure class=\"elementor-image-box-img\"><a href=\"https:\/\/nora.nl\/wp-content\/uploads\/2024\/02\/Meldregeling-Nora-DE-20240129.pdf\" target=\"_blank\" tabindex=\"-1\"><img fetchpriority=\"high\" decoding=\"async\" width=\"1301\" height=\"1064\" src=\"https:\/\/nora.nl\/wp-content\/uploads\/2022\/08\/Nora_Logo_Voorstel.png\" class=\"attachment-full size-full wp-image-107\" alt=\"\" srcset=\"https:\/\/nora.nl\/wp-content\/uploads\/2022\/08\/Nora_Logo_Voorstel.png 1301w, https:\/\/nora.nl\/wp-content\/uploads\/2022\/08\/Nora_Logo_Voorstel-300x245.png 300w, https:\/\/nora.nl\/wp-content\/uploads\/2022\/08\/Nora_Logo_Voorstel-1024x837.png 1024w, https:\/\/nora.nl\/wp-content\/uploads\/2022\/08\/Nora_Logo_Voorstel-768x628.png 768w\" sizes=\"(max-width: 1301px) 100vw, 1301px\" \/><\/a><\/figure><div class=\"elementor-image-box-content\"><h3 class=\"elementor-image-box-title\"><a href=\"https:\/\/nora.nl\/wp-content\/uploads\/2024\/02\/Meldregeling-Nora-DE-20240129.pdf\" target=\"_blank\">MELDEVERFAHREN<\/a><\/h3><\/div><\/div>\t\t\t\t<\/div>\n\t\t\t\t<\/div>\n\t\t\t\t<div class=\"elementor-element elementor-element-1dff38a elementor-position-top elementor-widget elementor-widget-image-box\" data-id=\"1dff38a\" data-element_type=\"widget\" data-e-type=\"widget\" data-widget_type=\"image-box.default\">\n\t\t\t\t<div class=\"elementor-widget-container\">\n\t\t\t\t\t<div class=\"elementor-image-box-wrapper\"><figure class=\"elementor-image-box-img\"><a href=\"https:\/\/nora.nl\/de\/scoc-en\/\" target=\"_blank\" tabindex=\"-1\"><img fetchpriority=\"high\" decoding=\"async\" width=\"1301\" height=\"1064\" src=\"https:\/\/nora.nl\/wp-content\/uploads\/2022\/08\/Nora_Logo_Voorstel.png\" class=\"attachment-full size-full wp-image-107\" alt=\"\" srcset=\"https:\/\/nora.nl\/wp-content\/uploads\/2022\/08\/Nora_Logo_Voorstel.png 1301w, https:\/\/nora.nl\/wp-content\/uploads\/2022\/08\/Nora_Logo_Voorstel-300x245.png 300w, https:\/\/nora.nl\/wp-content\/uploads\/2022\/08\/Nora_Logo_Voorstel-1024x837.png 1024w, https:\/\/nora.nl\/wp-content\/uploads\/2022\/08\/Nora_Logo_Voorstel-768x628.png 768w\" sizes=\"(max-width: 1301px) 100vw, 1301px\" \/><\/a><\/figure><div class=\"elementor-image-box-content\"><h3 class=\"elementor-image-box-title\"><a href=\"https:\/\/nora.nl\/de\/scoc-en\/\" target=\"_blank\">Supplier Code of Conduct<\/a><\/h3><\/div><\/div>\t\t\t\t<\/div>\n\t\t\t\t<\/div>\n\t\t\t\t<div class=\"elementor-element elementor-element-6291d3b elementor-position-top elementor-widget elementor-widget-image-box\" data-id=\"6291d3b\" data-element_type=\"widget\" data-e-type=\"widget\" data-widget_type=\"image-box.default\">\n\t\t\t\t<div class=\"elementor-widget-container\">\n\t\t\t\t\t<div class=\"elementor-image-box-wrapper\"><figure class=\"elementor-image-box-img\"><a href=\"https:\/\/nora.nl\/wp-content\/uploads\/2024\/04\/Beginselverklaring-mensenrechten-ENG-NORA.pdf\" target=\"_blank\" tabindex=\"-1\"><img fetchpriority=\"high\" decoding=\"async\" width=\"1301\" height=\"1064\" src=\"https:\/\/nora.nl\/wp-content\/uploads\/2022\/08\/Nora_Logo_Voorstel.png\" class=\"attachment-full size-full wp-image-107\" alt=\"\" srcset=\"https:\/\/nora.nl\/wp-content\/uploads\/2022\/08\/Nora_Logo_Voorstel.png 1301w, https:\/\/nora.nl\/wp-content\/uploads\/2022\/08\/Nora_Logo_Voorstel-300x245.png 300w, https:\/\/nora.nl\/wp-content\/uploads\/2022\/08\/Nora_Logo_Voorstel-1024x837.png 1024w, https:\/\/nora.nl\/wp-content\/uploads\/2022\/08\/Nora_Logo_Voorstel-768x628.png 768w\" sizes=\"(max-width: 1301px) 100vw, 1301px\" \/><\/a><\/figure><div class=\"elementor-image-box-content\"><h3 class=\"elementor-image-box-title\"><a href=\"https:\/\/nora.nl\/wp-content\/uploads\/2024\/04\/Beginselverklaring-mensenrechten-ENG-NORA.pdf\" target=\"_blank\">Grundsatzerkl\u00e4rung zur Wahrung und Achtung der Menschenrechte<\/a><\/h3><\/div><\/div>\t\t\t\t<\/div>\n\t\t\t\t<\/div>\n\t\t\t\t<div class=\"elementor-element elementor-element-774dadc elementor-position-top elementor-widget elementor-widget-image-box\" data-id=\"774dadc\" data-element_type=\"widget\" data-e-type=\"widget\" data-widget_type=\"image-box.default\">\n\t\t\t\t<div class=\"elementor-widget-container\">\n\t\t\t\t\t<div class=\"elementor-image-box-wrapper\"><figure class=\"elementor-image-box-img\"><a href=\"https:\/\/nora.nl\/wp-content\/uploads\/2024\/05\/Nora_Sustainable_Procurement_Policy_ENG.pdf\" target=\"_blank\" tabindex=\"-1\"><img fetchpriority=\"high\" decoding=\"async\" width=\"1301\" height=\"1064\" src=\"https:\/\/nora.nl\/wp-content\/uploads\/2022\/08\/Nora_Logo_Voorstel.png\" class=\"attachment-full size-full wp-image-107\" alt=\"\" srcset=\"https:\/\/nora.nl\/wp-content\/uploads\/2022\/08\/Nora_Logo_Voorstel.png 1301w, https:\/\/nora.nl\/wp-content\/uploads\/2022\/08\/Nora_Logo_Voorstel-300x245.png 300w, https:\/\/nora.nl\/wp-content\/uploads\/2022\/08\/Nora_Logo_Voorstel-1024x837.png 1024w, https:\/\/nora.nl\/wp-content\/uploads\/2022\/08\/Nora_Logo_Voorstel-768x628.png 768w\" sizes=\"(max-width: 1301px) 100vw, 1301px\" \/><\/a><\/figure><div class=\"elementor-image-box-content\"><h3 class=\"elementor-image-box-title\"><a href=\"https:\/\/nora.nl\/wp-content\/uploads\/2024\/05\/Nora_Sustainable_Procurement_Policy_ENG.pdf\" target=\"_blank\">Sustainable Procurement Policy<\/a><\/h3><\/div><\/div>\t\t\t\t<\/div>\n\t\t\t\t<\/div>\n\t\t\t\t<\/div>\n\t\t\t\t\t<\/div>\n\t\t\t\t<\/div>\n\t\t<div class=\"elementor-element elementor-element-49c30d5 e-flex e-con-boxed e-con e-parent\" data-id=\"49c30d5\" data-element_type=\"container\" data-e-type=\"container\" id=\"core-values\" data-settings=\"{&quot;background_background&quot;:&quot;classic&quot;,&quot;jet_parallax_layout_list&quot;:[]}\">\n\t\t\t\t\t<div class=\"e-con-inner\">\n\t\t\t\t\t<\/div>\n\t\t\t\t<\/div>\n\t\t\t\t<\/div>","protected":false},"excerpt":{"rendered":"<p>Compliance COMPLIANCE Our actions are guided by integrity. This extends to dealing with our customers and suppliers, employers, shareholders and the public. Both our strategic considerations and our day-today business must always be based on high ethical and legal standards. Honesty, sincerity and fairness are attributes of our internal communication as well as our dealings [&hellip;]<\/p>\n","protected":false},"author":1,"featured_media":0,"parent":0,"menu_order":0,"comment_status":"closed","ping_status":"closed","template":"elementor_header_footer","meta":{"footnotes":""},"class_list":["post-1019","page","type-page","status-publish","hentry"],"_links":{"self":[{"href":"https:\/\/nora.nl\/de\/wp-json\/wp\/v2\/pages\/1019","targetHints":{"allow":["GET"]}}],"collection":[{"href":"https:\/\/nora.nl\/de\/wp-json\/wp\/v2\/pages"}],"about":[{"href":"https:\/\/nora.nl\/de\/wp-json\/wp\/v2\/types\/page"}],"author":[{"embeddable":true,"href":"https:\/\/nora.nl\/de\/wp-json\/wp\/v2\/users\/1"}],"replies":[{"embeddable":true,"href":"https:\/\/nora.nl\/de\/wp-json\/wp\/v2\/comments?post=1019"}],"version-history":[{"count":5,"href":"https:\/\/nora.nl\/de\/wp-json\/wp\/v2\/pages\/1019\/revisions"}],"predecessor-version":[{"id":1145,"href":"https:\/\/nora.nl\/de\/wp-json\/wp\/v2\/pages\/1019\/revisions\/1145"}],"wp:attachment":[{"href":"https:\/\/nora.nl\/de\/wp-json\/wp\/v2\/media?parent=1019"}],"curies":[{"name":"wp","href":"https:\/\/api.w.org\/{rel}","templated":true}]}}